{"id":606,"date":"2022-12-27T12:08:20","date_gmt":"2022-12-27T12:08:20","guid":{"rendered":"https:\/\/freiluftsauna.ch\/?page_id=606"},"modified":"2025-08-27T06:48:14","modified_gmt":"2025-08-27T06:48:14","slug":"naturnahes-saunieren","status":"publish","type":"page","link":"https:\/\/freiluftsauna.ch\/?page_id=606","title":{"rendered":"Naturnahes Saunieren"},"content":{"rendered":"<div class=\"wpb-content-wrapper\">[vc_row thb_divider_position=&#187;bottom&#187; el_class=&#187;align-center&#187; css=&#187;.vc_custom_1474306346779{padding-top: 120px !important;padding-bottom: 30px !important;}&#187;][vc_column offset=&#187;vc_col-lg-7 vc_col-md-9&#8243;][vc_empty_space height=&#187;31px&#187;]\t<div id=\"thb-fadetype-39\" class=\"thb-fadetype  thb-fadetype-style1\">\n\t\t\t\t\t\t<h1 style=\"text-align: center;\"><div class=\"thb-fadetype-entry\">Naturnahes Saunieren f\u00fcr K\u00f6rper, Geist und Seele<\/div><\/h1>\t\t<\/div>\n\t[\/vc_column][\/vc_row][vc_row thb_full_width=&#187;true&#187; thb_divider_position=&#187;bottom&#187;][vc_column][vc_single_image image=&#187;607&#8243; img_size=&#187;full&#187; alignment=&#187;center&#187; css_animation=&#187;zoomIn&#187;][\/vc_column][\/vc_row][vc_row thb_divider_position=&#187;bottom&#187; el_class=&#187;align-center&#187; css=&#187;.vc_custom_1474624365002{padding-top: 4% !important;padding-bottom: 4% !important;}&#187;][vc_column offset=&#187;vc_col-lg-7 vc_col-md-9&#8243;][vc_column_text]\n<h4>Sauna st\u00e4rkt unser Immunsystem.<\/h4>\n<p>Dass ein Wechsel von Heiss- und Kaltreizen f\u00fcr das menschliche Immunsystem viele Vorteile birgt, haben verschiedene Kulturen unabh\u00e4ngig voneinander entdeckt und \u00fcber viele Jahrhunderte kultiviert. Auch in der Schweiz hat sich das Saunieren l\u00e4ngst etabliert und wird von einer breiten Bev\u00f6lkerungsschicht von gelegentlich bis regelm\u00e4ssig angewendet &#8211; sei es in den Bergen, w\u00e4hrend den Skiferien, in Wellnessanlagen oder Fitnesszentren.<\/p>\n<p>Das naturnahe Saunieren orientiert sich an dem finnischen Vorbild, welches den Saunagenuss in wundersch\u00f6ner Natur, am Fluss, beim See oder ganz einfach im Gr\u00fcnen zus\u00e4tzlich erh\u00f6ht. Dies st\u00e4rkt nicht nur den K\u00f6rper, sondern in erh\u00f6htem Masse auch die Psyche. Gerade in unserem hektischen Alltag, der sich nicht selten in urbanen Zentren abspielt, ist es f\u00fcr unsere Gesundheit besonders wertvoll, sich eine Auszeit zu g\u00f6nnen \u2013 und dies durch einen Saunagang in der Natur zu zelebrieren.[\/vc_column_text][\/vc_column][\/vc_row][vc_row thb_divider_position=&#187;bottom&#187; el_class=&#187;align-center&#187;][vc_column offset=&#187;vc_col-lg-7 vc_col-md-9&#8243;][vc_column_text]\n<h4>Entschleunigung und innere Balance.<\/h4>\n<p>Saunieren versetzt uns in einen Zustand von tiefer Ruhe und Zufriedenheit. Entdecke den zus\u00e4tzlichen Effekt, der eine nat\u00fcrliche Umgebung, frische Luft, ein Sprung in nat\u00fcrliche Gew\u00e4sser zur Abk\u00fchlung auf dein Wohlbefinden hat. Durch deine Erfrischungs- und Ruhepause zwischen den Saunag\u00e4ngen in der Natur werden deine Sinne ganz anders angesprochen. Lass dich ein auf die Ger\u00e4usche, Ger\u00fcche, den Wind und das Wasser, das dich umgibt und erlebe magische Momente der vollkommenen Zufriedenheit. Das naturnahe Saunieren entspricht ganz dem heutigen Zeitgeist, bei dem Achtsamkeit und Entschleunigung an Bedeutung zunehmen.<\/p>\n<p>Auch mit Freundinnen und Freunden ist das Saunieren in der Natur ein v\u00f6llig anderes Erlebnis &#8211; die naturnahe Sauna ist ein Ort der respektvollen Begegnung, der die Verbundenheit noch vertieft. Und manchmal hilft auch die Gruppe, wenn es etwas mehr \u00dcberwindung braucht, um ins Wasser (oder gar Eiswasser) einzutauchen. Nicht zuletzt erlaubt das naturnahe Saunieren uns, die Jahreszeiten mit dem jeweiligen Wetter ganz intensiv zu erleben und uns kleine, willkommene Inseln im Winter zu schenken.<\/p>\n<p>Naturnahes Saunieren wird in der ganzen Schweiz praktiziert &#8211; ganz sicher gibt es auch einen Anbieter in deiner N\u00e4he. Probiere es aus.[\/vc_column_text][\/vc_column][\/vc_row][vc_row thb_divider_position=&#187;bottom&#187; el_class=&#187;align-center&#187;][vc_column offset=&#187;vc_col-lg-7 vc_col-md-9&#8243;][vc_column_text css=&#187;&#187;]\n<h4>Naturnahes Saunieren wird in der ganzen Schweiz praktiziert &#8211; ganz sicher gibt es auch einen Anbieter in deiner N\u00e4he\u00a0\u2013 probiere es aus.<\/h4>\n[\/vc_column_text][\/vc_column][\/vc_row][vc_row thb_divider_position=&#187;bottom&#187; el_class=&#187;align-center&#187;][vc_column offset=&#187;vc_col-lg-9 vc_col-md-10&#8243;]\t<a class=\"btn thb-pill-style full accent animation scale  large\" href=\"https:\/\/freiluftsauna.ch\/?page_id=689\" target=\"_self\" role=\"button\" title=\"\u00dcbersicht Feiluftsaunas Schweiz\"><span>\u00dcbersicht Feiluftsaunas Schweiz<\/span><\/a>\n\n\t[\/vc_column][\/vc_row][vc_row thb_divider_position=&#187;bottom&#187;][vc_column][vc_empty_space height=&#187;60px&#187;][\/vc_column][\/vc_row]\n<\/div>","protected":false},"excerpt":{"rendered":"<p>[vc_row thb_divider_position=&#187;bottom&#187; el_class=&#187;align-center&#187; css=&#187;.vc_custom_1474306346779{padding-top: 120px !important;padding-bottom: 30px !important;}&#187;][vc_column offset=&#187;vc_col-lg-7 vc_col-md-9&#8243;][vc_empty_space height=&#187;31px&#187;][\/vc_column][\/vc_row][vc_row thb_full_width=&#187;true&#187; thb_divider_position=&#187;bottom&#187;][vc_column][vc_single_image image=&#187;607&#8243; img_size=&#187;full&#187; alignment=&#187;center&#187; css_animation=&#187;zoomIn&#187;][\/vc_column][\/vc_row][vc_row thb_divider_position=&#187;bottom&#187; el_class=&#187;align-center&#187; css=&#187;.vc_custom_1474624365002{padding-top: 4% !important;padding-bottom: 4% !important;}&#187;][vc_column offset=&#187;vc_col-lg-7 vc_col-md-9&#8243;][vc_column_text] Sauna st\u00e4rkt unser Immunsystem. Dass ein Wechsel von Heiss- und Kaltreizen f\u00fcr das menschliche Immunsystem viele Vorteile birgt, haben verschiedene Kulturen unabh\u00e4ngig voneinander entdeckt und \u00fcber viele Jahrhunderte kultiviert.&hellip;<\/p>\n","protected":false},"author":1,"featured_media":0,"parent":0,"menu_order":0,"comment_status":"closed","ping_status":"closed","template":"","meta":{"iawp_total_views":623,"footnotes":""},"class_list":["post-606","page","type-page","status-publish","hentry"],"yoast_head":"<!-- This site is optimized with the Yoast SEO plugin v27.5 - https:\/\/yoast.com\/product\/yoast-seo-wordpress\/ -->\n<title>Naturnahes Saunieren | Freiluftsauna Verband Schweiz<\/title>\n<meta name=\"robots\" content=\"index, follow, max-snippet:-1, max-image-preview:large, max-video-preview:-1\" \/>\n<link rel=\"canonical\" href=\"https:\/\/freiluftsauna.ch\/?page_id=606\" \/>\n<meta property=\"og:locale\" content=\"de_DE\" \/>\n<meta property=\"og:type\" content=\"article\" \/>\n<meta property=\"og:title\" content=\"Naturnahes Saunieren | Freiluftsauna Verband Schweiz\" \/>\n<meta property=\"og:description\" content=\"[vc_row thb_divider_position=&#187;bottom&#187; el_class=&#187;align-center&#187; css=&#187;.vc_custom_1474306346779{padding-top: 120px !important;padding-bottom: 30px !important;}&#187;][vc_column offset=&#187;vc_col-lg-7 vc_col-md-9&#8243;][vc_empty_space height=&#187;31px&#187;][\/vc_column][\/vc_row][vc_row thb_full_width=&#187;true&#187; thb_divider_position=&#187;bottom&#187;][vc_column][vc_single_image image=&#187;607&#8243; img_size=&#187;full&#187; alignment=&#187;center&#187; css_animation=&#187;zoomIn&#187;][\/vc_column][\/vc_row][vc_row thb_divider_position=&#187;bottom&#187; el_class=&#187;align-center&#187; css=&#187;.vc_custom_1474624365002{padding-top: 4% !important;padding-bottom: 4% !important;}&#187;][vc_column offset=&#187;vc_col-lg-7 vc_col-md-9&#8243;][vc_column_text] Sauna st\u00e4rkt unser Immunsystem. Dass ein Wechsel von Heiss- und Kaltreizen f\u00fcr das menschliche Immunsystem viele Vorteile birgt, haben verschiedene Kulturen unabh\u00e4ngig voneinander entdeckt und \u00fcber viele Jahrhunderte kultiviert.&hellip;\" \/>\n<meta property=\"og:url\" content=\"https:\/\/freiluftsauna.ch\/?page_id=606\" \/>\n<meta property=\"og:site_name\" content=\"Freiluftsauna Verband Schweiz\" \/>\n<meta property=\"article:modified_time\" content=\"2025-08-27T06:48:14+00:00\" \/>\n<meta name=\"twitter:card\" content=\"summary_large_image\" \/>\n<meta name=\"twitter:label1\" content=\"Gesch\u00e4tzte Lesezeit\" \/>\n\t<meta name=\"twitter:data1\" content=\"3\u00a0Minuten\" \/>\n<script type=\"application\/ld+json\" class=\"yoast-schema-graph\">{\"@context\":\"https:\\\/\\\/schema.org\",\"@graph\":[{\"@type\":\"WebPage\",\"@id\":\"https:\\\/\\\/freiluftsauna.ch\\\/?page_id=606\",\"url\":\"https:\\\/\\\/freiluftsauna.ch\\\/?page_id=606\",\"name\":\"Naturnahes Saunieren | Freiluftsauna Verband Schweiz\",\"isPartOf\":{\"@id\":\"https:\\\/\\\/freiluftsauna.ch\\\/#website\"},\"datePublished\":\"2022-12-27T12:08:20+00:00\",\"dateModified\":\"2025-08-27T06:48:14+00:00\",\"breadcrumb\":{\"@id\":\"https:\\\/\\\/freiluftsauna.ch\\\/?page_id=606#breadcrumb\"},\"inLanguage\":\"de-CH\",\"potentialAction\":[{\"@type\":\"ReadAction\",\"target\":[\"https:\\\/\\\/freiluftsauna.ch\\\/?page_id=606\"]}]},{\"@type\":\"BreadcrumbList\",\"@id\":\"https:\\\/\\\/freiluftsauna.ch\\\/?page_id=606#breadcrumb\",\"itemListElement\":[{\"@type\":\"ListItem\",\"position\":1,\"name\":\"Home\",\"item\":\"https:\\\/\\\/freiluftsauna.ch\\\/\"},{\"@type\":\"ListItem\",\"position\":2,\"name\":\"Naturnahes Saunieren\"}]},{\"@type\":\"WebSite\",\"@id\":\"https:\\\/\\\/freiluftsauna.ch\\\/#website\",\"url\":\"https:\\\/\\\/freiluftsauna.ch\\\/\",\"name\":\"Freiluftsauna Verband Schweiz\",\"description\":\"\",\"publisher\":{\"@id\":\"https:\\\/\\\/freiluftsauna.ch\\\/#organization\"},\"potentialAction\":[{\"@type\":\"SearchAction\",\"target\":{\"@type\":\"EntryPoint\",\"urlTemplate\":\"https:\\\/\\\/freiluftsauna.ch\\\/?s={search_term_string}\"},\"query-input\":{\"@type\":\"PropertyValueSpecification\",\"valueRequired\":true,\"valueName\":\"search_term_string\"}}],\"inLanguage\":\"de-CH\"},{\"@type\":\"Organization\",\"@id\":\"https:\\\/\\\/freiluftsauna.ch\\\/#organization\",\"name\":\"Freiluftsauna Verband Schweiz\",\"url\":\"https:\\\/\\\/freiluftsauna.ch\\\/\",\"logo\":{\"@type\":\"ImageObject\",\"inLanguage\":\"de-CH\",\"@id\":\"https:\\\/\\\/freiluftsauna.ch\\\/#\\\/schema\\\/logo\\\/image\\\/\",\"url\":\"https:\\\/\\\/freiluftsauna.ch\\\/wp-content\\\/uploads\\\/2022\\\/12\\\/Logo-Freiluftsaunaverband-Schweiz-2.png\",\"contentUrl\":\"https:\\\/\\\/freiluftsauna.ch\\\/wp-content\\\/uploads\\\/2022\\\/12\\\/Logo-Freiluftsaunaverband-Schweiz-2.png\",\"width\":752,\"height\":344,\"caption\":\"Freiluftsauna Verband Schweiz\"},\"image\":{\"@id\":\"https:\\\/\\\/freiluftsauna.ch\\\/#\\\/schema\\\/logo\\\/image\\\/\"}}]}<\/script>\n<!-- \/ Yoast SEO plugin. -->","yoast_head_json":{"title":"Naturnahes Saunieren | Freiluftsauna Verband Schweiz","robots":{"index":"index","follow":"follow","max-snippet":"max-snippet:-1","max-image-preview":"max-image-preview:large","max-video-preview":"max-video-preview:-1"},"canonical":"https:\/\/freiluftsauna.ch\/?page_id=606","og_locale":"de_DE","og_type":"article","og_title":"Naturnahes Saunieren | Freiluftsauna Verband Schweiz","og_description":"[vc_row thb_divider_position=&#187;bottom&#187; el_class=&#187;align-center&#187; css=&#187;.vc_custom_1474306346779{padding-top: 120px !important;padding-bottom: 30px !important;}&#187;][vc_column offset=&#187;vc_col-lg-7 vc_col-md-9&#8243;][vc_empty_space height=&#187;31px&#187;][\/vc_column][\/vc_row][vc_row thb_full_width=&#187;true&#187; thb_divider_position=&#187;bottom&#187;][vc_column][vc_single_image image=&#187;607&#8243; img_size=&#187;full&#187; alignment=&#187;center&#187; css_animation=&#187;zoomIn&#187;][\/vc_column][\/vc_row][vc_row thb_divider_position=&#187;bottom&#187; el_class=&#187;align-center&#187; css=&#187;.vc_custom_1474624365002{padding-top: 4% !important;padding-bottom: 4% !important;}&#187;][vc_column offset=&#187;vc_col-lg-7 vc_col-md-9&#8243;][vc_column_text] Sauna st\u00e4rkt unser Immunsystem. Dass ein Wechsel von Heiss- und Kaltreizen f\u00fcr das menschliche Immunsystem viele Vorteile birgt, haben verschiedene Kulturen unabh\u00e4ngig voneinander entdeckt und \u00fcber viele Jahrhunderte kultiviert.&hellip;","og_url":"https:\/\/freiluftsauna.ch\/?page_id=606","og_site_name":"Freiluftsauna Verband Schweiz","article_modified_time":"2025-08-27T06:48:14+00:00","twitter_card":"summary_large_image","twitter_misc":{"Gesch\u00e4tzte Lesezeit":"3\u00a0Minuten"},"schema":{"@context":"https:\/\/schema.org","@graph":[{"@type":"WebPage","@id":"https:\/\/freiluftsauna.ch\/?page_id=606","url":"https:\/\/freiluftsauna.ch\/?page_id=606","name":"Naturnahes Saunieren | Freiluftsauna Verband Schweiz","isPartOf":{"@id":"https:\/\/freiluftsauna.ch\/#website"},"datePublished":"2022-12-27T12:08:20+00:00","dateModified":"2025-08-27T06:48:14+00:00","breadcrumb":{"@id":"https:\/\/freiluftsauna.ch\/?page_id=606#breadcrumb"},"inLanguage":"de-CH","potentialAction":[{"@type":"ReadAction","target":["https:\/\/freiluftsauna.ch\/?page_id=606"]}]},{"@type":"BreadcrumbList","@id":"https:\/\/freiluftsauna.ch\/?page_id=606#breadcrumb","itemListElement":[{"@type":"ListItem","position":1,"name":"Home","item":"https:\/\/freiluftsauna.ch\/"},{"@type":"ListItem","position":2,"name":"Naturnahes Saunieren"}]},{"@type":"WebSite","@id":"https:\/\/freiluftsauna.ch\/#website","url":"https:\/\/freiluftsauna.ch\/","name":"Freiluftsauna Verband Schweiz","description":"","publisher":{"@id":"https:\/\/freiluftsauna.ch\/#organization"},"potentialAction":[{"@type":"SearchAction","target":{"@type":"EntryPoint","urlTemplate":"https:\/\/freiluftsauna.ch\/?s={search_term_string}"},"query-input":{"@type":"PropertyValueSpecification","valueRequired":true,"valueName":"search_term_string"}}],"inLanguage":"de-CH"},{"@type":"Organization","@id":"https:\/\/freiluftsauna.ch\/#organization","name":"Freiluftsauna Verband Schweiz","url":"https:\/\/freiluftsauna.ch\/","logo":{"@type":"ImageObject","inLanguage":"de-CH","@id":"https:\/\/freiluftsauna.ch\/#\/schema\/logo\/image\/","url":"https:\/\/freiluftsauna.ch\/wp-content\/uploads\/2022\/12\/Logo-Freiluftsaunaverband-Schweiz-2.png","contentUrl":"https:\/\/freiluftsauna.ch\/wp-content\/uploads\/2022\/12\/Logo-Freiluftsaunaverband-Schweiz-2.png","width":752,"height":344,"caption":"Freiluftsauna Verband Schweiz"},"image":{"@id":"https:\/\/freiluftsauna.ch\/#\/schema\/logo\/image\/"}}]}},"_links":{"self":[{"href":"https:\/\/freiluftsauna.ch\/index.php?rest_route=\/wp\/v2\/pages\/606","targetHints":{"allow":["GET"]}}],"collection":[{"href":"https:\/\/freiluftsauna.ch\/index.php?rest_route=\/wp\/v2\/pages"}],"about":[{"href":"https:\/\/freiluftsauna.ch\/index.php?rest_route=\/wp\/v2\/types\/page"}],"author":[{"embeddable":true,"href":"https:\/\/freiluftsauna.ch\/index.php?rest_route=\/wp\/v2\/users\/1"}],"replies":[{"embeddable":true,"href":"https:\/\/freiluftsauna.ch\/index.php?rest_route=%2Fwp%2Fv2%2Fcomments&post=606"}],"version-history":[{"count":0,"href":"https:\/\/freiluftsauna.ch\/index.php?rest_route=\/wp\/v2\/pages\/606\/revisions"}],"wp:attachment":[{"href":"https:\/\/freiluftsauna.ch\/index.php?rest_route=%2Fwp%2Fv2%2Fmedia&parent=606"}],"curies":[{"name":"wp","href":"https:\/\/api.w.org\/{rel}","templated":true}]}}